{"id":3163,"date":"2024-05-12T00:32:25","date_gmt":"2024-05-12T00:32:25","guid":{"rendered":"https:\/\/www.gemasl.com\/?page_id=3163"},"modified":"2026-03-02T17:02:48","modified_gmt":"2026-03-02T17:02:48","slug":"politica-de-cookies","status":"publish","type":"page","link":"https:\/\/www.gemasl.com\/es\/politica-de-cookies\/","title":{"rendered":"Pol\u00edtica de cookies"},"content":{"rendered":"<h3><b>INTRODUCCI\u00d3N<\/b><\/h3>\n<p><span style=\"font-weight: 400;\">La web de <\/span><b>GABINET D\u2019ESPECIALITATS M\u00c8DIQUES ASSOCIADES G.E.M.A., S.L.<\/b><span style=\"font-weight: 400;\"> utiliza cookies propias y de terceros. Una cookie es un archivo que se descarga en su ordenador al acceder a determinadas p\u00e1ginas web. Las cookies permiten a una p\u00e1gina web, entre otras finalidades, asegurar el correcto funcionamiento de la p\u00e1gina, permitir al Usuario un acceso m\u00e1s r\u00e1pido a los servicios seleccionados, almacenar y recuperar informaci\u00f3n sobre los h\u00e1bitos de navegaci\u00f3n de un usuario o de su equipo e incluso, dependiendo de la informaci\u00f3n que contengan y de la forma en que utilice su equipo, se pueden utilizar para reconocer al usuario. Las cookies se asocian \u00fanicamente a un usuario an\u00f3nimo y su ordenador o dispositivo y no proporcionan referencias que permitan conocer sus datos personales., salvo permiso expreso de aqu\u00e9l.<\/span><\/p>\n<p><span style=\"font-weight: 400;\">El usuario puede, en todo momento, aceptar o rechazar las cookies instaladas que no sean estrictamente necesarias para el correcto funcionamiento de la web y el acceso al Usuario a sus servicios, a trav\u00e9s del panel de ajuste de cookies proporcionado en nuestra web. Asimismo, podr\u00e1 configurar su navegador en todo momento sin que ello perjudique la posibilidad del Usuario de acceder a los contenidos. Sin embargo, le informamos de que el rechazo de las cookies puede disminuir el buen funcionamiento de la web.<\/span><\/p>\n<h3><b>COOKIES AFECTADAS POR LA NORMATIVA Y COOKIES EXENTAS<\/b><\/h3>\n<p><span style=\"font-weight: 400;\">Seg\u00fan la directiva de la UE, las cookies que requieren el consentimiento informado por parte del usuario son las cookies de anal\u00edtica, las de publicidad y afiliaci\u00f3n, quedando exceptuadas las de car\u00e1cter t\u00e9cnico y las necesarias para el funcionamiento del sitio web o la prestaci\u00f3n de servicios expresamente demandados por el usuario.<\/span><\/p>\n<h3><b>TIPO DE COOKIES<\/b><\/h3>\n<ol>\n<li><span style=\"font-weight: 400;\">Seg\u00fan la <\/span><b>entidad que las gestione<\/b><span style=\"font-weight: 400;\">, hay Cookies <\/span><b>propias<\/b><span style=\"font-weight: 400;\"> (aquellas que se env\u00edan al equipo terminal del usuario desde un equipo o dominio gestionado por el propio editor y desde el que se presta el servicio Sol \u00b7 licitado por el usuario) y de <\/span><b>terceros<\/b><span style=\"font-weight: 400;\"> (las que se env\u00edan al equipo terminal del usuario desde un equipo o dominio que no es gestionado por el editor, sino por otra entidad que trata los datos obtenidos mediante las cookies).<\/span><\/li>\n<li><span style=\"font-weight: 400;\">Seg\u00fan el <\/span><b>tiempo que permanecen activas<\/b><span style=\"font-weight: 400;\">, est\u00e1n las de <\/span><b>sesi\u00f3n<\/b><span style=\"font-weight: 400;\"> (dise\u00f1adas para pedir y almacenar datos mientras el usuario accede a una p\u00e1gina web) y las <\/span><b>persistentes<\/b><span style=\"font-weight: 400;\"> (en que los datos se almacenan en el terminal y pueden ser accedidos y tratados durante un per\u00edodo definido por el responsable de la cookie -puede ir de unos minutos a varios a\u00f1os).<\/span><\/li>\n<li><span style=\"font-weight: 400;\">Seg\u00fan la <\/span><b>finalidad<\/b><span style=\"font-weight: 400;\"> para la que tratan la informaci\u00f3n que recopilan, pueden ser:<\/span><\/li>\n<\/ol>\n<p><span style=\"font-weight: 400;\">&#8211;<\/span><b> Cookies t\u00e9cnicas<\/b><span style=\"font-weight: 400;\"> (necesarias para el uso de la web y la prestaci\u00f3n del servicio contratado),<\/span><\/p>\n<p><b>&#8211; Cookies de personalizaci\u00f3n<\/b><span style=\"font-weight: 400;\"> (que permiten al usuario acceder al servicio con caracter\u00edsticas predefinidas, tales como el idioma, tipo de navegador, configuraci\u00f3n regional, etc.)<\/span><\/p>\n<p><span style=\"font-weight: 400;\">&#8211; <\/span><b>Cookies de an\u00e1lisis<\/b><span style=\"font-weight: 400;\"> (recogen informaci\u00f3n del uso que se realiza de la web),<\/span><\/p>\n<p><span style=\"font-weight: 400;\">&#8211; <\/span><b>Cookies publicitarias<\/b><span style=\"font-weight: 400;\"> (recogen informaci\u00f3n sobre las preferencias y elecciones personales de los usuarios),<\/span><\/p>\n<h3><span style=\"font-weight: 400;\">&#8211; <\/span><b>Cookies de afiliados<\/b><span style=\"font-weight: 400;\"> (permiten hacer un seguimiento de las visitas procedentes de otras webs, con las que el sitio web establece un contrato de afiliaci\u00f3n).<\/span><\/h3>\n<h3>TIPO DE COOKIES UTILITZADAS PARA ESTE SITIO WEB<\/h3>\n<h3>Nombre: PHPSESSID<\/h3>\n<ul>\n<li>Finalidad:\u00a0 Transfiere datos a Facebook para enviar anuncios.<\/li>\n<li>Caducidad: Sesi\u00f3n<\/li>\n<li>Proveedor: Propia<\/li>\n<li>Tipo: Cookies t\u00e9cnicas<\/li>\n<\/ul>\n<h3>Nombre: _fbp<\/h3>\n<ul>\n<li>Finalidad:\u00a0 Transfiere datos a Facebook para enviar anuncios.<\/li>\n<li>Caducidad: 90 d\u00edas<\/li>\n<li>Proveedor: Facebook<\/li>\n<li>Tipo: Cookies publicitarias<\/li>\n<\/ul>\n<h3>Nombre: _gid<\/h3>\n<ul>\n<li>Finalidad: Para distinguir a los usuarios<\/li>\n<li>Caducidad: 24 horas<\/li>\n<li>Proveedor: Google<\/li>\n<li>Tipo: Cookies de an\u00e1lisis<\/li>\n<\/ul>\n<h3>Nombre: _ga<\/h3>\n<ul>\n<li>Finalidad: Per distingir el usuaris<\/li>\n<li>Caducidad: 2 a\u00f1os<\/li>\n<li>Proveedor: Google<\/li>\n<li>Tipo: Cookies de an\u00e1lisis<\/li>\n<\/ul>\n<h3>Nombre: _clck<\/h3>\n<ul>\n<li>Finalidad: Guarda el ID del usuario de Clarity y las preferencias, permitiendo identificar al mismo usuario en visitas posteriores.<\/li>\n<li>Caducidad: 1 a\u00f1o<\/li>\n<li>Proveedor: Microsoft<\/li>\n<li>Tipo: Cookies de an\u00e1lisis<\/li>\n<\/ul>\n<h3>Nombre: _clsk<\/h3>\n<ul>\n<li>Finalidad: Conecta m\u00faltiples p\u00e1ginas vistas en una sola grabaci\u00f3n de sesi\u00f3n.<\/li>\n<li>Caducidad: 24 horas<\/li>\n<li>Proveedor: Microsoft<\/li>\n<li>Tipo: Cookies de an\u00e1lisis<\/li>\n<\/ul>\n<h3>Nombre: CLID<\/h3>\n<ul>\n<li>Finalidad: Identifica al usuario la primera vez que visita el sitio mediante Microsoft Clarity.<\/li>\n<li>Caducidad: 1 a\u00f1o<\/li>\n<li>Proveedor: Microsoft<\/li>\n<li>Tipo: Cookies de an\u00e1lisis<\/li>\n<\/ul>\n<h3>Nombre: ANONCHK<\/h3>\n<ul>\n<li>Finalidad: Indica si el identificador MUID se transfiere a ANID. Se utiliza para fines de control t\u00e9cnico relacionados con servicios Microsoft.<\/li>\n<li>Caducidad: 10 minutos<\/li>\n<li>Proveedor: Microsoft<\/li>\n<li>Tipo: Cookies de an\u00e1lisis<\/li>\n<\/ul>\n<h3>Nombre: MUID<\/h3>\n<ul>\n<li>Finalidad: Identificador \u00fanico asignado por Microsoft para reconocer al usuario en distintos servicios.<\/li>\n<li>Caducidad: 1 a\u00f1o<\/li>\n<li>Proveedor: Microsoft<\/li>\n<li>Tipo: Cookies de an\u00e1lisis<\/li>\n<\/ul>\n<h3>Nombre: _ttp<\/h3>\n<ul>\n<li>Finalidad: Almacena informaci\u00f3n sobre el comportamiento para medir c\u00f3mo pueden impactar diferentes campa\u00f1as de marketing.<\/li>\n<li>Caducidad: 13 meses<\/li>\n<li>Proveedor: Tiktok<\/li>\n<li>Tipo: Cookies publicitarias<\/li>\n<\/ul>\n<h3>Nombre: _tt_enable_cookie<\/h3>\n<ul>\n<li>Finalidad: Almacena informaci\u00f3n sobre el comportamiento para medir c\u00f3mo pueden impactar diferentes campa\u00f1as de marketing.<\/li>\n<li>Caducidad: 13 meses<\/li>\n<li>Proveedor: Tiktok<\/li>\n<li>Tipo: Cookies publicitarias<\/li>\n<\/ul>\n<h3>Nombre: wp-wpml_current_language<\/h3>\n<ul>\n<li>Finalidad: Guarda las preferencias de idioma<\/li>\n<li>Caducidad: Sesi\u00f3n<\/li>\n<li>Proveedor: Propia<\/li>\n<li>Tipo: Cookies t\u00e9cnicas<\/li>\n<\/ul>\n<h3>Nom: popup-remember<\/h3>\n<ul>\n<li>Finalidad: Recuerda el cierre del popup de avisos<\/li>\n<li>Caducidad: 7 d\u00edas<\/li>\n<li>Proveedor: Propia<\/li>\n<li>Tipo: Cookies t\u00e9cnicas<\/li>\n<\/ul>\n<h3>Nombre: cookies-de-analisis<\/h3>\n<ul>\n<li>Finalidad: Recuerda la aceptaci\u00f3n de las preferencias de cookies seleccionadas<\/li>\n<li>Caducidad: 1 a\u00f1o<\/li>\n<li>Proveedor: Propia<\/li>\n<li>Tipo: Cookies t\u00e9cnicas<\/li>\n<\/ul>\n<h3>Nombre: cookies-remember<\/h3>\n<ul>\n<li>Finalidad: Recuerda la aceptaci\u00f3n de las preferencias de cookies seleccionadas<\/li>\n<li>Caducidad: 1 a\u00f1o<\/li>\n<li>Proveedor: Propia<\/li>\n<li>Tipo: Cookies t\u00e9cnicas<\/li>\n<\/ul>\n<h3>Nombre: cookies-publicitaries<\/h3>\n<ul>\n<li>Finalidad: Recuerda la aceptaci\u00f3n de las preferencias de cookies seleccionadas<\/li>\n<li>Caducidad: 1 a\u00f1o<\/li>\n<li>Proveedor: Propia<\/li>\n<li>Tipo: Cookies t\u00e9cnicas<\/li>\n<\/ul>\n<h3>Nombre: PHPSESSID<\/h3>\n<ul>\n<li>Finalidad: Recuerda la aceptaci\u00f3n de las preferencias de cookies seleccionadas<\/li>\n<li>Caducidad: 1 a\u00f1o<\/li>\n<li>Proveedor: Propia<\/li>\n<li>Tipo: Cookies t\u00e9cnicas<\/li>\n<\/ul>\n<p>Mientras navega por nuestra web, pueden almacenarse en su navegador las cookies de nuestras redes sociales. A continuaci\u00f3n, le indicamos los enlaces sobre las cookies de las redes sociales que utilizamos en esta web:<\/p>\n<p>\u2022 Cookies de Facebook, ver m\u00e1s informaci\u00f3n en su <a href=\"https:\/\/www.facebook.com\/privacy\/policies\/cookies\/?entry_point=cookie_policy_redirect&amp;entry=0\">pol\u00edtica de cookies<\/a><br \/>\n\u2022 Cookies de Instagram, ver m\u00e1s informaci\u00f3n en su <a href=\"https:\/\/privacycenter.instagram.com\/policies\/cookies\/\">pol\u00edtica de cookies<\/a><br \/>\n\u2022 Cookies de Linkedin, ver m\u00e1s informaci\u00f3n en su <a href=\"https:\/\/es.linkedin.com\/legal\/cookie-policy?_l=es_ES\">pol\u00edtica de cookies<\/a><\/p>\n<h3>REVOCACI\u00d3N<\/h3>\n<p>En todo momento podr\u00e1 acceder a la configuraci\u00f3n de su navegador aceptando o rechazando todas las cookies, o bien seleccionar aquellas que la instalaci\u00f3n admite y las que no, siguiendo uno de los siguientes procedimientos, que depende del navegador que utilice:<\/p>\n<p><strong>Google Chrome (en el Men\u00fa Herramientas):<\/strong><br \/>\nConfiguraci\u00f3n&gt; Mostrar opciones avanzadas&gt; Privacidad (Configuraci\u00f3n de contenido)&gt; Cookies:<br \/>\nhttps:\/\/support.google.com\/chrome\/answer\/95647?co=GENIE.Platform%3DDesktop&#038;hl=es<\/p>\n<p><strong>Microsoft Edge\u00a0(en el Men\u00fa Configuraci\u00f3n):<\/strong><br \/>\nConfiguraci\u00f3n &gt; Cookies y permisos del sitio:<br \/>\nedge:\/\/settings\/content\/cookies<\/p>\n<p><strong>Firefox:<\/strong><br \/>\nOpciones&gt; Privacidad&gt; Cookies:<br \/>\nhttps:\/\/support.mozilla.org\/es\/kb\/habilitar-y-deshabilitar-cookies-sitios-web-rastrear-preferencias<\/p>\n<p><strong>Safari, iPad y iPhone:<\/strong><br \/>\nPreferencias&gt; Privacidad<br \/>\nhttps:\/\/support.apple.com\/kb\/ph21411?locale=es_ES<\/p>\n<p><strong>Opera:<\/strong><br \/>\nConfiguraci\u00f3n&gt; Opciones&gt; Avanzada&gt; Cookies<br \/>\nhttp:\/\/help.opera.com\/Windows\/12.00\/es-ES\/cookies.html<\/p>\n<p>Estos navegadores est\u00e1n sometidos a cambios o modificaciones, por lo que no podemos garantizar que se ajusten completamente a la versi\u00f3n de su navegador. Tambi\u00e9n puede ser que utilice otro navegador no contemplado en estos enlaces como Konqueror, Arora, Flock, etc. Para evitar estos desajustes, puede acceder directamente desde las opciones de su navegador, generalmente en el men\u00fa de \u00abOpciones\u00bb en la secci\u00f3n de \u00abPrivacidad\u00bb. (Por favor, consulte la ayuda de su navegador para m\u00e1s informaci\u00f3n).<\/p>\n<h3>CAMBIOS EN LA PRESENTE POL\u00cdTICA DE COOKIES<\/h3>\n<p><strong>GABINET D\u2019ESPECIALITATS M\u00c8DIQUES ASSOCIADES G.E.M.A., S.L.<\/strong> se reserva el derecho a modificar la presente pol\u00edtica para adaptarla a novedades legislativas o jurisprudenciales.<\/p>\n<h3>DESACTIVACI\u00d3N \/ ACTIVACI\u00d3N Y ELIMINACI\u00d3N DE COOKIES<\/h3>\n<p><span style=\"font-weight: 400;\">Para restringir o bloquear las cookies, se hace a trav\u00e9s de la configuraci\u00f3n del navegador.<\/span><\/p>\n<p><span style=\"font-weight: 400;\">Si no desea que los sitios web pongan ninguna cookie en su equipo, puede adaptar la configuraci\u00f3n del navegador de modo que se le notifique antes de que se coloque ninguna cookie. Del mismo modo, puede adaptar la configuraci\u00f3n de forma que el navegador rechace todas las cookies, o \u00fanicamente las cookies de terceros. Tambi\u00e9n puede eliminar cualquiera de las cookies que ya se encuentren en el equipo. Recuerde que deber\u00e1 adaptarse por separado la configuraci\u00f3n de cada navegador y equipo que utilice.<\/span><\/p>\n<p><span style=\"font-weight: 400;\">Recuerde que, si no desea recibir cookies, ya no podremos garantizar que nuestro sitio web funcione como es debido. Quiz\u00e1 algunas funciones del sitio se pierdan y es posible que ya no pueda ver ciertos sitios web. Adem\u00e1s, rechaz\u00f3 las cookies no significa que ya no vaya a ver anuncios publicitarios. Simplemente los anuncios no se ajustar\u00e1n a sus intereses y se repetir\u00e1n con m\u00e1s frecuencia.<\/span><\/p>\n<p><span style=\"font-weight: 400;\">Cada navegador tiene un m\u00e9todo diferente para adaptar la configuraci\u00f3n. Si es necesario, consulte la funci\u00f3n de ayuda del navegador para establecer la configuraci\u00f3n correcta.<\/span><\/p>\n<p><span style=\"font-weight: 400;\">Para desactivar las cookies en el tel\u00e9fono m\u00f3vil, consulte el manual del dispositivo para obtener m\u00e1s informaci\u00f3n.<\/span><\/p>\n<p><span style=\"font-weight: 400;\">Puede obtener m\u00e1s informaci\u00f3n sobre las cookies en Internet, <\/span><a href=\"http:\/\/www.aboutcookies.org\/\"><span style=\"font-weight: 400;\">http:\/\/www.aboutcookies.org\/<\/span><\/a><span style=\"font-weight: 400;\">.<\/span><\/p>\n<p><span style=\"font-weight: 400;\">Teniendo en cuenta la forma en que funciona Internet y los sitios web, no siempre contamos con informaci\u00f3n de las cookies que colocan terceras partes a trav\u00e9s de nuestro sitio web. Esto se aplica especialmente a casos en que la p\u00e1gina web contiene lo que se denominan elementos integrados: textos, documentos, im\u00e1genes o breves pel\u00edculas que se almacenan en otra parte, pero se muestran en nuestro sitio web o mediante el mismo.<\/span><\/p>\n<p><span style=\"font-weight: 400;\">Por tanto, en caso de que se encuentre con este tipo de cookies en este sitio web y no est\u00e9n enumeradas en la lista anterior, le rogamos que nos lo comunique. O bien p\u00f3ngase en contacto directamente con el tercero para pedirle informaci\u00f3n sobre las cookies que coloca, la finalidad y la duraci\u00f3n de la cookie, y como ha garantizado su privacidad.<\/span><\/p>\n<p>&nbsp;<\/p>\n<h3><b>INFORMACI\u00d3N RELACIONADA CON EL TRATAMIENTO DE DATOS PERSONALES (ART.13 RGPD)<\/b><\/h3>\n<p><b>\u00bfQui\u00e9n es el responsable del tratamiento de sus datos personales?<\/b><\/p>\n<p><b>GABINET D\u2019ESPECIALITATS M\u00c8DIQUES ASSOCIADES G.E.M.A., S.L.<\/b><span style=\"font-weight: 400;\"> es el responsable del tratamiento de los datos personales que usted nos proporciona, sito en Cam\u00ed Ral, 657, 08302, Matar\u00f3, Barcelona y con CIF B61152740. Tel\u00e9fono 93 796 44 44 y mail de contacto dpd@gemasl.com.\u00a0<\/span><\/p>\n<p><b>\u00bfPara qu\u00e9 utilizamos sus datos personales?<\/b><\/p>\n<p><span style=\"font-weight: 400;\">La informaci\u00f3n recopilada a trav\u00e9s de las cookies propias (cookies de sesi\u00f3n y de entrada de usuario) se suelen utilizar para rastrear las acciones del usuario al rellenar los formularios en l\u00ednea en varias p\u00e1ginas, o como cesta de la compra para hacer el seguimiento de los art\u00edculos que el usuario ha seleccionado al pulsar un bot\u00f3n, o para personalizar la <\/span><i><span style=\"font-weight: 400;\">interface <\/span><\/i><span style=\"font-weight: 400;\">del usuario al visitar la p\u00e1gina web.<\/span><\/p>\n<p><span style=\"font-weight: 400;\">La informaci\u00f3n recopilada a trav\u00e9s de las cookies de terceros es la siguiente:\u00a0\u00a0<\/span><\/p>\n<ul>\n<li style=\"font-weight: 400;\" aria-level=\"1\"><span style=\"font-weight: 400;\">A trav\u00e9s de las cookies anal\u00edticas se analizan sus h\u00e1bitos de navegaci\u00f3n para mejorar los servicios prestados;\u00a0<\/span><\/li>\n<li style=\"font-weight: 400;\" aria-level=\"1\"><span style=\"font-weight: 400;\">A trav\u00e9s de las cookies comportamentales se recoge informaci\u00f3n sobre las preferencias del usuario para gestionar los espacios publicitarios de la forma m\u00e1s eficaz posible; y\u00a0<\/span><\/li>\n<li style=\"font-weight: 400;\" aria-level=\"1\"><span style=\"font-weight: 400;\">a trav\u00e9s de las cookies publicitarias se mide el rendimiento de los anuncios y se proporcionan recomendaciones relativas a productos basadas en datos estad\u00edsticos.<\/span><\/li>\n<\/ul>\n<p><span style=\"font-weight: 400;\">Para ver exactamente el uso de las cookies v\u00e9ase el cuadro sobre el uso de las cookies en esta web.<\/span><\/p>\n<p><b>\u00bfCu\u00e1l es la base legal para el tratamiento de sus datos personales?<\/b><\/p>\n<p><span style=\"font-weight: 400;\">La legitimaci\u00f3n para el tratamiento de sus datos personales viene dada por su consentimiento, otorgado en el momento de ponerse en contacto con nosotros, para la utilizaci\u00f3n de cookies anal\u00edticas, comportamentales y publicitarias; para las cookies de sesi\u00f3n o personalizaci\u00f3n, la legitimaci\u00f3n para el tratamiento viene dada por el inter\u00e9s leg\u00edtimo del prestador (responsable del tratamiento).<\/span><\/p>\n<p><b>\u00bfA qui\u00e9n comunicamos sus datos?<\/b><\/p>\n<p><span style=\"font-weight: 400;\">No se ceder\u00e1n ni comunicar\u00e1n datos a terceros, salvo por obligaci\u00f3n legal o a los terceros indicados en el caso de uso de cookies gestionadas por \u00e9stos.\u00a0<\/span><\/p>\n<p><b>\u00bfCu\u00e1l es el plazo de conservaci\u00f3n de sus datos?<\/b><\/p>\n<p><span style=\"font-weight: 400;\">El plazo de conservaci\u00f3n de los datos recogidos es el indicado en el cuadro sobre el uso de las cookies en esta web.<\/span><\/p>\n<p><b>\u00bfCu\u00e1les son sus derechos?<\/b><\/p>\n<p><span style=\"font-weight: 400;\">Los derechos que amparan al usuario son los de acceso, rectificaci\u00f3n, supresi\u00f3n, portabilidad de los mismos, retirada del consentimiento (sin que ello afecte a la licitud del tratamiento otorgado previamente a su retirada), oposici\u00f3n al tratamiento, limitaci\u00f3n (en determinadas circunstancias) y a presentar una reclamaci\u00f3n ante la autoridad de control (la Agencia Espa\u00f1ola de protecci\u00f3n de datos, <\/span><a href=\"http:\/\/www.aepd.es\"><span style=\"font-weight: 400;\">www.aepd.es<\/span><\/a><span style=\"font-weight: 400;\">). <\/span><\/p>\n","protected":false},"excerpt":{"rendered":"<p>INTRODUCCI\u00d3N La web de GABINET D\u2019ESPECIALITATS M\u00c8DIQUES ASSOCIADES G.E.M.A., S.L. utiliza cookies propias y de terceros. Una cookie es un archivo que se descarga en su ordenador al acceder a determinadas p\u00e1ginas web. Las cookies permiten a una p\u00e1gina web, entre otras finalidades, asegurar el correcto funcionamiento de la p\u00e1gina, permitir al Usuario un acceso [&hellip;]<\/p>\n","protected":false},"author":1,"featured_media":0,"parent":0,"menu_order":0,"comment_status":"closed","ping_status":"closed","template":"page-blank.php","meta":{"_acf_changed":false,"footnotes":""},"class_list":["post-3163","page","type-page","status-publish","hentry"],"acf":[],"yoast_head":"<!-- This site is optimized with the Yoast SEO plugin v27.5 - https:\/\/yoast.com\/product\/yoast-seo-wordpress\/ -->\n<title>Pol\u00edtica de cookies - GEMA - Centres M\u00e8dics<\/title>\n<meta name=\"robots\" content=\"index, follow, max-snippet:-1, max-image-preview:large, max-video-preview:-1\" \/>\n<link rel=\"canonical\" href=\"https:\/\/www.gemasl.com\/es\/politica-de-cookies\/\" \/>\n<meta property=\"og:locale\" content=\"es_ES\" \/>\n<meta property=\"og:type\" content=\"article\" \/>\n<meta property=\"og:title\" content=\"Pol\u00edtica de cookies - GEMA - Centres M\u00e8dics\" \/>\n<meta property=\"og:description\" content=\"INTRODUCCI\u00d3N La web de GABINET D\u2019ESPECIALITATS M\u00c8DIQUES ASSOCIADES G.E.M.A., S.L. utiliza cookies propias y de terceros. Una cookie es un archivo que se descarga en su ordenador al acceder a determinadas p\u00e1ginas web. Las cookies permiten a una p\u00e1gina web, entre otras finalidades, asegurar el correcto funcionamiento de la p\u00e1gina, permitir al Usuario un acceso [&hellip;]\" \/>\n<meta property=\"og:url\" content=\"https:\/\/www.gemasl.com\/es\/politica-de-cookies\/\" \/>\n<meta property=\"og:site_name\" content=\"GEMA - Centres M\u00e8dics\" \/>\n<meta property=\"article:modified_time\" content=\"2026-03-02T17:02:48+00:00\" \/>\n<meta name=\"twitter:card\" content=\"summary_large_image\" \/>\n<meta name=\"twitter:label1\" content=\"Tiempo de lectura\" \/>\n\t<meta name=\"twitter:data1\" content=\"9 minutos\" \/>\n<script type=\"application\/ld+json\" class=\"yoast-schema-graph\">{\"@context\":\"https:\\\/\\\/schema.org\",\"@graph\":[{\"@type\":\"WebPage\",\"@id\":\"https:\\\/\\\/www.gemasl.com\\\/es\\\/politica-de-cookies\\\/\",\"url\":\"https:\\\/\\\/www.gemasl.com\\\/es\\\/politica-de-cookies\\\/\",\"name\":\"Pol\u00edtica de cookies - GEMA - Centres M\u00e8dics\",\"isPartOf\":{\"@id\":\"https:\\\/\\\/www.gemasl.com\\\/es\\\/#website\"},\"datePublished\":\"2024-05-12T00:32:25+00:00\",\"dateModified\":\"2026-03-02T17:02:48+00:00\",\"inLanguage\":\"es\",\"potentialAction\":[{\"@type\":\"ReadAction\",\"target\":[\"https:\\\/\\\/www.gemasl.com\\\/es\\\/politica-de-cookies\\\/\"]}]},{\"@type\":\"WebSite\",\"@id\":\"https:\\\/\\\/www.gemasl.com\\\/es\\\/#website\",\"url\":\"https:\\\/\\\/www.gemasl.com\\\/es\\\/\",\"name\":\"GEMA - Centres M\u00e8dics\",\"description\":\"\",\"potentialAction\":[{\"@type\":\"SearchAction\",\"target\":{\"@type\":\"EntryPoint\",\"urlTemplate\":\"https:\\\/\\\/www.gemasl.com\\\/es\\\/?s={search_term_string}\"},\"query-input\":{\"@type\":\"PropertyValueSpecification\",\"valueRequired\":true,\"valueName\":\"search_term_string\"}}],\"inLanguage\":\"es\"}]}<\/script>\n<!-- \/ Yoast SEO plugin. -->","yoast_head_json":{"title":"Pol\u00edtica de cookies - GEMA - Centres M\u00e8dics","robots":{"index":"index","follow":"follow","max-snippet":"max-snippet:-1","max-image-preview":"max-image-preview:large","max-video-preview":"max-video-preview:-1"},"canonical":"https:\/\/www.gemasl.com\/es\/politica-de-cookies\/","og_locale":"es_ES","og_type":"article","og_title":"Pol\u00edtica de cookies - GEMA - Centres M\u00e8dics","og_description":"INTRODUCCI\u00d3N La web de GABINET D\u2019ESPECIALITATS M\u00c8DIQUES ASSOCIADES G.E.M.A., S.L. utiliza cookies propias y de terceros. Una cookie es un archivo que se descarga en su ordenador al acceder a determinadas p\u00e1ginas web. Las cookies permiten a una p\u00e1gina web, entre otras finalidades, asegurar el correcto funcionamiento de la p\u00e1gina, permitir al Usuario un acceso [&hellip;]","og_url":"https:\/\/www.gemasl.com\/es\/politica-de-cookies\/","og_site_name":"GEMA - Centres M\u00e8dics","article_modified_time":"2026-03-02T17:02:48+00:00","twitter_card":"summary_large_image","twitter_misc":{"Tiempo de lectura":"9 minutos"},"schema":{"@context":"https:\/\/schema.org","@graph":[{"@type":"WebPage","@id":"https:\/\/www.gemasl.com\/es\/politica-de-cookies\/","url":"https:\/\/www.gemasl.com\/es\/politica-de-cookies\/","name":"Pol\u00edtica de cookies - GEMA - Centres M\u00e8dics","isPartOf":{"@id":"https:\/\/www.gemasl.com\/es\/#website"},"datePublished":"2024-05-12T00:32:25+00:00","dateModified":"2026-03-02T17:02:48+00:00","inLanguage":"es","potentialAction":[{"@type":"ReadAction","target":["https:\/\/www.gemasl.com\/es\/politica-de-cookies\/"]}]},{"@type":"WebSite","@id":"https:\/\/www.gemasl.com\/es\/#website","url":"https:\/\/www.gemasl.com\/es\/","name":"GEMA - Centres M\u00e8dics","description":"","potentialAction":[{"@type":"SearchAction","target":{"@type":"EntryPoint","urlTemplate":"https:\/\/www.gemasl.com\/es\/?s={search_term_string}"},"query-input":{"@type":"PropertyValueSpecification","valueRequired":true,"valueName":"search_term_string"}}],"inLanguage":"es"}]}},"_links":{"self":[{"href":"https:\/\/www.gemasl.com\/es\/wp-json\/wp\/v2\/pages\/3163","targetHints":{"allow":["GET"]}}],"collection":[{"href":"https:\/\/www.gemasl.com\/es\/wp-json\/wp\/v2\/pages"}],"about":[{"href":"https:\/\/www.gemasl.com\/es\/wp-json\/wp\/v2\/types\/page"}],"author":[{"embeddable":true,"href":"https:\/\/www.gemasl.com\/es\/wp-json\/wp\/v2\/users\/1"}],"replies":[{"embeddable":true,"href":"https:\/\/www.gemasl.com\/es\/wp-json\/wp\/v2\/comments?post=3163"}],"version-history":[{"count":3,"href":"https:\/\/www.gemasl.com\/es\/wp-json\/wp\/v2\/pages\/3163\/revisions"}],"predecessor-version":[{"id":11267,"href":"https:\/\/www.gemasl.com\/es\/wp-json\/wp\/v2\/pages\/3163\/revisions\/11267"}],"wp:attachment":[{"href":"https:\/\/www.gemasl.com\/es\/wp-json\/wp\/v2\/media?parent=3163"}],"curies":[{"name":"wp","href":"https:\/\/api.w.org\/{rel}","templated":true}]}}